{"id":3553,"date":"2025-02-25T13:37:42","date_gmt":"2025-02-25T13:37:42","guid":{"rendered":"https:\/\/gibitz.it\/progetti\/"},"modified":"2025-07-16T12:52:52","modified_gmt":"2025-07-16T12:52:52","slug":"projekte","status":"publish","type":"page","link":"https:\/\/gibitz.it\/de\/projekte\/","title":{"rendered":"Projekte"},"content":{"rendered":"[vc_row type=&#8220;full_width_background&#8220; full_screen_row_position=&#8220;middle&#8220; column_margin=&#8220;none&#8220; column_direction=&#8220;default&#8220; column_direction_tablet=&#8220;default&#8220; column_direction_phone=&#8220;default&#8220; bg_color=&#8220;#000000&#8243; scene_position=&#8220;center&#8220; top_padding=&#8220;15%&#8220; bottom_padding=&#8220;7%&#8220; top_padding_tablet=&#8220;30%&#8220; top_padding_phone=&#8220;30%&#8220; text_color=&#8220;custom&#8220; text_align=&#8220;left&#8220; row_border_radius=&#8220;none&#8220; row_border_radius_applies=&#8220;bg&#8220; overflow=&#8220;visible&#8220; overlay_strength=&#8220;0.3&#8243; gradient_direction=&#8220;radial&#8220; shape_divider_color=&#8220;#ffffff&#8220; shape_divider_position=&#8220;bottom&#8220; shape_divider_height=&#8220;45%&#8220; bg_image_animation=&#8220;zoom-out&#8220; parallax_bg=&#8220;true&#8220; parallax_bg_speed=&#8220;fast&#8220; shape_type=&#8220;straight_section&#8220; gradient_type=&#8220;default&#8220;][vc_column column_padding=&#8220;no-extra-padding&#8220; column_padding_tablet=&#8220;inherit&#8220; column_padding_phone=&#8220;inherit&#8220; column_padding_position=&#8220;all&#8220; column_element_direction_desktop=&#8220;default&#8220; column_element_spacing=&#8220;0px&#8220; desktop_text_alignment=&#8220;default&#8220; tablet_text_alignment=&#8220;default&#8220; phone_text_alignment=&#8220;default&#8220; background_color_opacity=&#8220;1&#8243; background_hover_color_opacity=&#8220;1&#8243; column_backdrop_filter=&#8220;none&#8220; column_shadow=&#8220;none&#8220; column_border_radius=&#8220;none&#8220; column_link_target=&#8220;_self&#8220; column_position=&#8220;default&#8220; gradient_direction=&#8220;radial&#8220; overlay_strength=&#8220;0.3&#8243; width=&#8220;2\/3&#8243; tablet_width_inherit=&#8220;default&#8220; animation_type=&#8220;default&#8220; bg_image_animation=&#8220;zoom-out-reveal&#8220; parallax_bg=&#8220;true&#8220; parallax_bg_speed=&#8220;fast&#8220; border_type=&#8220;simple&#8220; column_border_width=&#8220;none&#8220; column_border_style=&#8220;solid&#8220; column_padding_type=&#8220;default&#8220; gradient_type=&#8220;default&#8220;][vc_row_inner column_margin=&#8220;default&#8220; column_direction=&#8220;default&#8220; column_direction_tablet=&#8220;default&#8220; column_direction_phone=&#8220;default&#8220; text_align=&#8220;left&#8220; row_position=&#8220;default&#8220; row_position_tablet=&#8220;inherit&#8220; row_position_phone=&#8220;inherit&#8220; zindex=&#8220;20&#8243; overflow=&#8220;visible&#8220; pointer_events=&#8220;all&#8220;][vc_column_inner column_padding=&#8220;no-extra-padding&#8220; column_padding_tablet=&#8220;inherit&#8220; column_padding_phone=&#8220;inherit&#8220; column_padding_position=&#8220;all&#8220; column_element_direction_desktop=&#8220;default&#8220; column_element_spacing=&#8220;0px&#8220; desktop_text_alignment=&#8220;default&#8220; tablet_text_alignment=&#8220;default&#8220; phone_text_alignment=&#8220;default&#8220; background_color_opacity=&#8220;1&#8243; background_hover_color_opacity=&#8220;1&#8243; column_backdrop_filter=&#8220;none&#8220; font_color=&#8220;#ffffff&#8220; column_shadow=&#8220;none&#8220; column_border_radius=&#8220;none&#8220; column_link_target=&#8220;_self&#8220; overflow=&#8220;visible&#8220; gradient_direction=&#8220;left_to_right&#8220; overlay_strength=&#8220;0.3&#8243; width=&#8220;1\/1&#8243; tablet_width_inherit=&#8220;default&#8220; animation_type=&#8220;default&#8220; bg_image_animation=&#8220;none&#8220; border_type=&#8220;simple&#8220; column_border_width=&#8220;none&#8220; column_border_style=&#8220;solid&#8220;][split_line_heading animation_type=&#8220;line-reveal-by-space&#8220; font_style=&#8220;h1&#8243; line_reveal_by_space_text_effect=&#8220;default&#8220; stagger_animation=&#8220;true&#8220; content_alignment=&#8220;default&#8220; mobile_content_alignment=&#8220;inherit&#8220; link_target=&#8220;_self&#8220; text_content=&#8220;Unsere Projekte&#8220; animation_delay=&#8220;200&#8243; text_direction=&#8220;default&#8220; font_line_height=&#8220;1.3&#8243;][\/split_line_heading][split_line_heading animation_type=&#8220;line-reveal-by-space&#8220; font_style=&#8220;h3&#8243; line_reveal_by_space_text_effect=&#8220;default&#8220; stagger_animation=&#8220;true&#8220; content_alignment=&#8220;default&#8220; mobile_content_alignment=&#8220;inherit&#8220; link_target=&#8220;_self&#8220; text_content=&#8220;Exzellenz \u00e0 la Gibitz&#8220; animation_delay=&#8220;200&#8243; text_direction=&#8220;default&#8220;][\/split_line_heading][divider line_type=&#8220;No Line&#8220; custom_height=&#8220;40&#8243;][vc_column_text css=&#8220;&#8220; text_direction=&#8220;default&#8220;]Bei Gibitz wissen wir, dass jedes unserer Projekte eine Geschichte erz\u00e4hlt, und zwar eine, die von Engagement, Qualit\u00e4t und Innovation handelt. Unsere Referenzen sind das Ergebnis jahrelanger Erfahrung und Hingabe. Sie zeigen, wie wir die Anforderungen unserer Kunden in greifbare, ma\u00dfgeschneiderte L\u00f6sungen verwandelt haben. Jede Zusammenarbeit ist f\u00fcr uns eine Chance, unsere Professionalit\u00e4t unter Beweis zu stellen und Beziehungen aufzubauen, die auf Vertrauen basieren.<\/p>\n<p>Ob kleines Unternehmen oder gro\u00dfer Industriebetrieb: Alle unsere Projekte stehen f\u00fcr Kompetenz, Pr\u00e4zision und nachhaltige Ergebnisse. Davon k\u00f6nnen Sie sich hier ein Bild machen. Und davon, wie Gibitz in verschiedensten Branchen f\u00fcr den Unterschied gesorgt hat mit ebenso individuellen wie leistungsstarken L\u00f6sungen.[\/vc_column_text][\/vc_column_inner][\/vc_row_inner][\/vc_column][vc_column column_padding=&#8220;no-extra-padding&#8220; column_padding_tablet=&#8220;inherit&#8220; column_padding_phone=&#8220;inherit&#8220; column_padding_position=&#8220;all&#8220; column_element_direction_desktop=&#8220;default&#8220; column_element_spacing=&#8220;default&#8220; desktop_text_alignment=&#8220;default&#8220; tablet_text_alignment=&#8220;default&#8220; phone_text_alignment=&#8220;default&#8220; background_color_opacity=&#8220;1&#8243; background_hover_color_opacity=&#8220;1&#8243; column_backdrop_filter=&#8220;none&#8220; column_shadow=&#8220;none&#8220; column_border_radius=&#8220;none&#8220; column_link_target=&#8220;_self&#8220; column_position=&#8220;default&#8220; gradient_direction=&#8220;left_to_right&#8220; overlay_strength=&#8220;0.3&#8243; width=&#8220;1\/3&#8243; tablet_width_inherit=&#8220;default&#8220; animation_type=&#8220;default&#8220; bg_image_animation=&#8220;none&#8220; border_type=&#8220;simple&#8220; column_border_width=&#8220;none&#8220; column_border_style=&#8220;solid&#8220;][\/vc_column][\/vc_row][vc_row type=&#8220;full_width_background&#8220; full_screen_row_position=&#8220;middle&#8220; column_margin=&#8220;default&#8220; column_direction=&#8220;default&#8220; column_direction_tablet=&#8220;default&#8220; column_direction_phone=&#8220;default&#8220; bg_color=&#8220;#dbdd32&#8243; scene_position=&#8220;center&#8220; bottom_padding=&#8220;10%&#8220; text_color=&#8220;custom&#8220; custom_text_color=&#8220;#333333&#8243; text_align=&#8220;left&#8220; row_border_radius=&#8220;none&#8220; row_border_radius_applies=&#8220;bg&#8220; overflow=&#8220;visible&#8220; enable_gradient=&#8220;true&#8220; color_overlay_2=&#8220;#a3aa83&#8243; overlay_strength=&#8220;1&#8243; gradient_direction=&#8220;top_to_bottom&#8220; shape_divider_position=&#8220;bottom&#8220; bg_image_animation=&#8220;none&#8220; gradient_type=&#8220;default&#8220; shape_type=&#8220;&#8220;][vc_column column_padding=&#8220;no-extra-padding&#8220; column_padding_tablet=&#8220;inherit&#8220; column_padding_phone=&#8220;inherit&#8220; column_padding_position=&#8220;all&#8220; column_element_direction_desktop=&#8220;default&#8220; column_element_spacing=&#8220;default&#8220; desktop_text_alignment=&#8220;default&#8220; tablet_text_alignment=&#8220;default&#8220; phone_text_alignment=&#8220;default&#8220; background_color_opacity=&#8220;1&#8243; background_hover_color_opacity=&#8220;1&#8243; column_backdrop_filter=&#8220;none&#8220; column_shadow=&#8220;none&#8220; column_border_radius=&#8220;none&#8220; column_link_target=&#8220;_self&#8220; column_position=&#8220;default&#8220; gradient_direction=&#8220;left_to_right&#8220; overlay_strength=&#8220;0.3&#8243; width=&#8220;1\/1&#8243; tablet_width_inherit=&#8220;default&#8220; animation_type=&#8220;default&#8220; bg_image_animation=&#8220;none&#8220; border_type=&#8220;simple&#8220; column_border_width=&#8220;none&#8220; column_border_style=&#8220;solid&#8220;][nectar_post_grid post_type=&#8220;portfolio&#8220; portfolio_category=&#8220;all&#8220; portfolio_starting_category=&#8220;all&#8220; order=&#8220;DESC&#8220; orderby=&#8220;date&#8220; pagination=&#8220;none&#8220; columns=&#8220;4&#8243; columns_tablet=&#8220;default&#8220; columns_phone=&#8220;default&#8220; grid_item_spacing=&#8220;10px&#8220; grid_item_height=&#8220;30vh&#8220; enable_sortable=&#8220;yes&#8220; sortable_alignment=&#8220;default&#8220; sortable_color=&#8220;extra-color-1&#8243; enable_masonry=&#8220;yes&#8220; 4_col_masonry_layout=&#8220;default&#8220; image_size=&#8220;large_featured&#8220; image_loading=&#8220;lazy-load&#8220; animation=&#8220;fade-in-from-bottom&#8220; animation_stagger=&#8220;90&#8243; animation_easing=&#8220;default&#8220; parallax_scrolling=&#8220;yes&#8220; heading_tag=&#8220;default&#8220; heading_tag_render=&#8220;default&#8220; display_categories=&#8220;yes&#8220; category_functionality=&#8220;static&#8220; category_position=&#8220;default&#8220; category_style=&#8220;underline&#8220; category_display=&#8220;default&#8220; additional_meta_size=&#8220;default&#8220; custom_fields_location=&#8220;before_post_meta&#8220; custom_fields=&#8220;%5B%7B%22meta_key%22%3A%22settore%22%2C%22custom_format%22%3A%22%22%2C%22render_tag%22%3A%22span%22%7D%5D&#8220; grid_style=&#8220;content_overlaid&#8220; text_content_layout=&#8220;all_bottom_left_shadow&#8220; color_overlay_opacity=&#8220;0&#8243; color_overlay_hover_opacity=&#8220;0&#8243; text_color=&#8220;light&#8220; text_color_hover=&#8220;light&#8220; text_opacity=&#8220;1&#8243; text_hover_opacity=&#8220;1&#8243; hover_effect=&#8220;slow_zoom&#8220; border_radius=&#8220;none&#8220; meta_visibility=&#8220;always&#8220; posts_per_page=&#8220;98&#8243; display_type=&#8220;grid&#8220;][\/vc_column][\/vc_row][vc_row type=&#8220;in_container&#8220; full_screen_row_position=&#8220;middle&#8220; column_margin=&#8220;default&#8220; column_direction=&#8220;default&#8220; column_direction_tablet=&#8220;default&#8220; column_direction_phone=&#8220;default&#8220; scene_position=&#8220;center&#8220; text_color=&#8220;dark&#8220; text_align=&#8220;left&#8220; row_border_radius=&#8220;none&#8220; row_border_radius_applies=&#8220;bg&#8220; overflow=&#8220;visible&#8220; overlay_strength=&#8220;0.3&#8243; gradient_direction=&#8220;left_to_right&#8220; shape_divider_position=&#8220;bottom&#8220; bg_image_animation=&#8220;none&#8220; gradient_type=&#8220;default&#8220; shape_type=&#8220;&#8220;][vc_column column_padding=&#8220;no-extra-padding&#8220; column_padding_tablet=&#8220;inherit&#8220; column_padding_phone=&#8220;inherit&#8220; column_padding_position=&#8220;all&#8220; column_element_direction_desktop=&#8220;default&#8220; column_element_spacing=&#8220;default&#8220; desktop_text_alignment=&#8220;default&#8220; tablet_text_alignment=&#8220;default&#8220; phone_text_alignment=&#8220;default&#8220; background_color_opacity=&#8220;1&#8243; background_hover_color_opacity=&#8220;1&#8243; column_backdrop_filter=&#8220;none&#8220; column_shadow=&#8220;none&#8220; column_border_radius=&#8220;none&#8220; column_link_target=&#8220;_self&#8220; column_position=&#8220;default&#8220; gradient_direction=&#8220;left_to_right&#8220; overlay_strength=&#8220;0.3&#8243; width=&#8220;1\/1&#8243; tablet_width_inherit=&#8220;default&#8220; animation_type=&#8220;default&#8220; bg_image_animation=&#8220;none&#8220; border_type=&#8220;simple&#8220; column_border_width=&#8220;none&#8220; column_border_style=&#8220;solid&#8220;][vc_raw_js]JTNDc2NyaXB0JTNFJTIwJTI4ZnVuY3Rpb24lMjglMjklMjAlN0IlMEElMjAlMjB2YXIlMjB0cmFuc2xhdGlvbnMlMjAlM0QlMjAlN0IlMEElMjAlMjAlMjAlMjAlMjdIb3RlbCUyNyUzQSUyMCUyN0hvdGVsJTI3JTJDJTBBJTIwJTIwJTIwJTIwJTI3SW5kdXN0cmlhJTI3JTNBJTIwJTI3SW5kdXN0cmllJTI3JTJDJTBBJTIwJTIwJTIwJTIwJTI3RWRpZmljaSUyMHB1YmJsaWNpJTI3JTNBJTIwJTI3JUMzJTk2ZmZlbnRsaWNoZSUyMEdlYiVDMyVBNHVkZSUyNyUyQyUwQSUyMCUyMCUyMCUyMCUyN1Jlc2lkZW56aWFsZSUyNyUzQSUyMCUyN1dvaG5iYXUlMjclMEElMjAlMjAlN0QlM0IlMEElMEElMjAlMjAlMkYlMkYlMjBGdW56aW9uZSUyMHBlciUyMHRyYWR1cnJlJTIwaSUyMGNhbXBpJTIwc2V0dG9yZSUyMGdpJUMzJUEwJTIwbmVsJTIwRE9NJTBBJTIwJTIwZnVuY3Rpb24lMjB0cmFuc2xhdGVTZXR0b3JlRmllbGRzJTI4JTI5JTIwJTdCJTBBJTIwJTIwJTIwJTIwdmFyJTIwZmllbGRzJTIwJTNEJTIwZG9jdW1lbnQucXVlcnlTZWxlY3RvckFsbCUyOCUyNyU1QmRhdGEta2V5JTNEJTIyc2V0dG9yZSUyMiU1RCUyNyUyOSUzQiUwQSUyMCUyMCUyMCUyMGZpZWxkcy5mb3JFYWNoJTI4ZnVuY3Rpb24lMjhmaWVsZCUyOSUyMCU3QiUwQSUyMCUyMCUyMCUyMCUyMCUyMHZhciUyMHRleHQlMjAlM0QlMjBmaWVsZC50ZXh0Q29udGVudC50cmltJTI4JTI5JTNCJTBBJTIwJTIwJTIwJTIwJTIwJTIwaWYlMjh0cmFuc2xhdGlvbnMlNUJ0ZXh0JTVEJTI5JTIwJTdCJTBBJTIwJTIwJTIwJTIwJTIwJTIwJTIwJTIwZmllbGQudGV4dENvbnRlbnQlMjAlM0QlMjB0cmFuc2xhdGlvbnMlNUJ0ZXh0JTVEJTNCJTBBJTIwJTIwJTIwJTIwJTIwJTIwJTdEJTBBJTIwJTIwJTIwJTIwJTdEJTI5JTNCJTBBJTIwJTIwJTdEJTBBJTBBJTIwJTIwJTJGJTJGJTIwRXNlZ3VpJTIwdHJhZHV6aW9uZSUyMGFsJTIwY2FyaWNhbWVudG8lMjBwYWdpbmElMEElMjAlMjBkb2N1bWVudC5hZGRFdmVudExpc3RlbmVyJTI4JTI3RE9NQ29udGVudExvYWRlZCUyNyUyQyUyMHRyYW5zbGF0ZVNldHRvcmVGaWVsZHMlMjklM0IlMEElMEElMjAlMjAlMkYlMkYlMjBTZXR1cCUyME11dGF0aW9uT2JzZXJ2ZXIlMjBwZXIlMjBpbnRlcmNldHRhcmUlMjBudW92aSUyMG5vZGklMEElMjAlMjB2YXIlMjBvYnNlcnZlciUyMCUzRCUyMG5ldyUyME11dGF0aW9uT2JzZXJ2ZXIlMjhmdW5jdGlvbiUyOG11dGF0aW9ucyUyOSUyMCU3QiUwQSUyMCUyMCUyMCUyMG11dGF0aW9ucy5mb3JFYWNoJTI4ZnVuY3Rpb24lMjhtdXRhdGlvbiUyOSUyMCU3QiUwQSUyMCUyMCUyMCUyMCUyMCUyMG11dGF0aW9uLmFkZGVkTm9kZXMuZm9yRWFjaCUyOGZ1bmN0aW9uJTI4bm9kZSUyOSUyMCU3QiUwQSUyMCUyMCUyMCUyMCUyMCUyMCUyMCUyMGlmJTI4bm9kZS5ub2RlVHlwZSUyMCUzRCUzRCUzRCUyMDElMjklMjAlN0IlMjAlMkYlMkYlMjBlbGVtZW50byUwQSUyMCUyMCUyMCUyMCUyMCUyMCUyMCUyMCUyMCUyMCUyRiUyRiUyMFNlJTIwJUMzJUE4JTIwdW4lMjBjYW1wbyUyMHNldHRvcmUlMjBvJTIwY29udGllbmUlMjBjYW1waSUyMHNldHRvcmUlMjBmaWdsaSUyQyUyMHRyYWR1Y2klMEElMjAlMjAlMjAlMjAlMjAlMjAlMjAlMjAlMjAlMjBpZiUyOG5vZGUubWF0Y2hlcyUyMCUyNiUyNiUyMG5vZGUubWF0Y2hlcyUyOCUyNyU1QmRhdGEta2V5JTNEJTIyc2V0dG9yZSUyMiU1RCUyNyUyOSUyOSUyMCU3QiUwQSUyMCUyMCUyMCUyMCUyMCUyMCUyMCUyMCUyMCUyMCUyMCUyMHZhciUyMHRleHQlMjAlM0QlMjBub2RlLnRleHRDb250ZW50LnRyaW0lMjglMjklM0IlMEElMjAlMjAlMjAlMjAlMjAlMjAlMjAlMjAlMjAlMjAlMjAlMjBpZiUyOHRyYW5zbGF0aW9ucyU1QnRleHQlNUQlMjklMjAlN0IlMEElMjAlMjAlMjAlMjAlMjAlMjAlMjAlMjAlMjAlMjAlMjAlMjAlMjAlMjBub2RlLnRleHRDb250ZW50JTIwJTNEJTIwdHJhbnNsYXRpb25zJTVCdGV4dCU1RCUzQiUwQSUyMCUyMCUyMCUyMCUyMCUyMCUyMCUyMCUyMCUyMCUyMCUyMCU3RCUwQSUyMCUyMCUyMCUyMCUyMCUyMCUyMCUyMCUyMCUyMCU3RCUyMGVsc2UlMjAlN0IlMEElMjAlMjAlMjAlMjAlMjAlMjAlMjAlMjAlMjAlMjAlMjAlMjAlMkYlMkYlMjBDb250cm9sbGElMjBzZSUyMGNvbnRpZW5lJTIwZmlnbGklMjBzZXR0b3JlJTBBJTIwJTIwJTIwJTIwJTIwJTIwJTIwJTIwJTIwJTIwJTIwJTIwdmFyJTIwbmVzdGVkJTIwJTNEJTIwbm9kZS5xdWVyeVNlbGVjdG9yQWxsJTI4JTI3JTVCZGF0YS1rZXklM0QlMjJzZXR0b3JlJTIyJTVEJTI3JTI5JTNCJTBBJTIwJTIwJTIwJTIwJTIwJTIwJTIwJTIwJTIwJTIwJTIwJTIwbmVzdGVkLmZvckVhY2glMjhmdW5jdGlvbiUyOGVsJTI5JTIwJTdCJTBBJTIwJTIwJTIwJTIwJTIwJTIwJTIwJTIwJTIwJTIwJTIwJTIwJTIwJTIwdmFyJTIwdCUyMCUzRCUyMGVsLnRleHRDb250ZW50LnRyaW0lMjglMjklM0IlMEElMjAlMjAlMjAlMjAlMjAlMjAlMjAlMjAlMjAlMjAlMjAlMjAlMjAlMjBpZiUyOHRyYW5zbGF0aW9ucyU1QnQlNUQlMjklMjAlN0IlMEElMjAlMjAlMjAlMjAlMjAlMjAlMjAlMjAlMjAlMjAlMjAlMjAlMjAlMjAlMjAlMjBlbC50ZXh0Q29udGVudCUyMCUzRCUyMHRyYW5zbGF0aW9ucyU1QnQlNUQlM0IlMEElMjAlMjAlMjAlMjAlMjAlMjAlMjAlMjAlMjAlMjAlMjAlMjAlMjAlMjAlN0QlMEElMjAlMjAlMjAlMjAlMjAlMjAlMjAlMjAlMjAlMjAlMjAlMjAlN0QlMjklM0IlMEElMjAlMjAlMjAlMjAlMjAlMjAlMjAlMjAlMjAlMjAlN0QlMEElMjAlMjAlMjAlMjAlMjAlMjAlMjAlMjAlN0QlMEElMjAlMjAlMjAlMjAlMjAlMjAlN0QlMjklM0IlMEElMjAlMjAlMjAlMjAlN0QlMjklM0IlMEElMjAlMjAlN0QlMjklM0IlMEElMEElMjAlMjAlMkYlMkYlMjBPc3NlcnZhJTIwaWwlMjBjb3JwbyUyMG8lMjBpbCUyMGNvbnRlbml0b3JlJTIwcG9ydGZvbGlvJTIwcGVyJTIwbnVvdmklMjBlbGVtZW50aSUwQSUyMCUyMG9ic2VydmVyLm9ic2VydmUlMjhkb2N1bWVudC5ib2R5JTJDJTIwJTdCJTIwY2hpbGRMaXN0JTNBJTIwdHJ1ZSUyQyUyMHN1YnRyZWUlM0ElMjB0cnVlJTIwJTdEJTI5JTNCJTBBJTdEJTI5JTI4JTI5JTNCJTBBJTBBJTNDJTJGc2NyaXB0JTNF[\/vc_raw_js][\/vc_column][\/vc_row]\n","protected":false},"excerpt":{"rendered":"<p>[vc_row type=&#8220;full_width_background&#8220; full_screen_row_position=&#8220;middle&#8220; column_margin=&#8220;none&#8220; column_direction=&#8220;default&#8220; column_direction_tablet=&#8220;default&#8220; column_direction_phone=&#8220;default&#8220; bg_color=&#8220;#000000&#8243; scene_position=&#8220;center&#8220; top_padding=&#8220;15%&#8220; bottom_padding=&#8220;7%&#8220; top_padding_tablet=&#8220;30%&#8220; top_padding_phone=&#8220;30%&#8220; text_color=&#8220;custom&#8220; text_align=&#8220;left&#8220; row_border_radius=&#8220;none&#8220; row_border_radius_applies=&#8220;bg&#8220; overflow=&#8220;visible&#8220; overlay_strength=&#8220;0.3&#8243; gradient_direction=&#8220;radial&#8220; shape_divider_color=&#8220;#ffffff&#8220; shape_divider_position=&#8220;bottom&#8220; shape_divider_height=&#8220;45%&#8220; bg_image_animation=&#8220;zoom-out&#8220; parallax_bg=&#8220;true&#8220; parallax_bg_speed=&#8220;fast&#8220; shape_type=&#8220;straight_section&#8220; gradient_type=&#8220;default&#8220;][vc_column column_padding=&#8220;no-extra-padding&#8220; column_padding_tablet=&#8220;inherit&#8220;&#8230;<\/p>\n","protected":false},"author":1,"featured_media":2980,"parent":0,"menu_order":0,"comment_status":"closed","ping_status":"closed","template":"","meta":{"_acf_changed":false,"inline_featured_image":false,"footnotes":""},"class_list":["post-3553","page","type-page","status-publish","has-post-thumbnail"],"acf":[],"_links":{"self":[{"href":"https:\/\/gibitz.it\/de\/wp-json\/wp\/v2\/pages\/3553","targetHints":{"allow":["GET"]}}],"collection":[{"href":"https:\/\/gibitz.it\/de\/wp-json\/wp\/v2\/pages"}],"about":[{"href":"https:\/\/gibitz.it\/de\/wp-json\/wp\/v2\/types\/page"}],"author":[{"embeddable":true,"href":"https:\/\/gibitz.it\/de\/wp-json\/wp\/v2\/users\/1"}],"replies":[{"embeddable":true,"href":"https:\/\/gibitz.it\/de\/wp-json\/wp\/v2\/comments?post=3553"}],"version-history":[{"count":10,"href":"https:\/\/gibitz.it\/de\/wp-json\/wp\/v2\/pages\/3553\/revisions"}],"predecessor-version":[{"id":3910,"href":"https:\/\/gibitz.it\/de\/wp-json\/wp\/v2\/pages\/3553\/revisions\/3910"}],"wp:featuredmedia":[{"embeddable":true,"href":"https:\/\/gibitz.it\/de\/wp-json\/wp\/v2\/media\/2980"}],"wp:attachment":[{"href":"https:\/\/gibitz.it\/de\/wp-json\/wp\/v2\/media?parent=3553"}],"curies":[{"name":"wp","href":"https:\/\/api.w.org\/{rel}","templated":true}]}}